{"id":51,"date":"2023-03-12T16:28:51","date_gmt":"2023-03-12T16:28:51","guid":{"rendered":"https:\/\/ospkrzyckowielkie.pl\/?page_id=51"},"modified":"2023-03-21T16:44:11","modified_gmt":"2023-03-21T16:44:11","slug":"mdp-ddp","status":"publish","type":"page","link":"https:\/\/ospkrzyckowielkie.pl\/?page_id=51","title":{"rendered":"MDP\/DDP"},"content":{"rendered":"<div class=\"wp-block-image\">\n<figure class=\"aligncenter size-full is-resized\"><img data-opt-id=1914050101  fetchpriority=\"high\" decoding=\"async\" src=\"https:\/\/ml2ncslymu9y.i.optimole.com\/w:auto\/h:auto\/q:mauto\/f:best\/https:\/\/ospkrzyckowielkie.pl\/wp-content\/uploads\/2023\/03\/logo_MDP.png\" alt=\"\" class=\"wp-image-39\" width=\"295\" height=\"215\" srcset=\"https:\/\/ml2ncslymu9y.i.optimole.com\/w:837\/h:610\/q:mauto\/f:best\/https:\/\/ospkrzyckowielkie.pl\/wp-content\/uploads\/2023\/03\/logo_MDP.png 837w, https:\/\/ml2ncslymu9y.i.optimole.com\/w:300\/h:219\/q:mauto\/f:best\/https:\/\/ospkrzyckowielkie.pl\/wp-content\/uploads\/2023\/03\/logo_MDP.png 300w, https:\/\/ml2ncslymu9y.i.optimole.com\/w:768\/h:560\/q:mauto\/f:best\/https:\/\/ospkrzyckowielkie.pl\/wp-content\/uploads\/2023\/03\/logo_MDP.png 768w\" sizes=\"(max-width: 295px) 100vw, 295px\" \/><\/figure>\n<\/div>\n\n\n<p>OCHOTNICZA STRA\u017b PO\u017bARNA w Krzycku Wielkim prowadzi M\u0142odzie\u017cow\u0105 oraz Dzieci\u0119c\u0105 Dru\u017cyn\u0119 Po\u017carnicz\u0105.<\/p>\n\n\n\n<p>W ramach MDP dzia\u0142aj\u0105 dru\u017cyny Dziewcz\u0105t oraz Ch\u0142opc\u00f3w.  w 2022roku na Gminnych Zawodach Sportowo-Po\u017carniczych Nasze dru\u017cyny zaj\u0119\u0142y:<\/p>\n\n\n\n<ul class=\"wp-block-list\">\n<li>II miejsce &#8211; dru\u017cyna ch\u0142opc\u00f3w<\/li>\n\n\n\n<li>III miejsce &#8211; 1 dru\u017cyna dziewcz\u0105t<\/li>\n\n\n\n<li>IV miejsce &#8211; 2 dru\u017cyna dziewcz\u0105t<\/li>\n<\/ul>\n\n\n\n<p>Spotykamy si\u0119 na regularnych zbi\u00f3rkach, w czasie kt\u00f3rych m\u0142odzie\u017c poznaje zagadnienia zwi\u0105zane z pierwsz\u0105 pomoc\u0105, uczy si\u0119 element\u00f3w wspinaczki wysoko\u015bciowej, itp.<\/p>\n","protected":false},"excerpt":{"rendered":"<p>OCHOTNICZA STRA\u017b PO\u017bARNA w Krzycku Wielkim prowadzi M\u0142odzie\u017cow\u0105 oraz Dzieci\u0119c\u0105 Dru\u017cyn\u0119 Po\u017carnicz\u0105. W ramach MDP dzia\u0142aj\u0105 dru\u017cyny Dziewcz\u0105t oraz Ch\u0142opc\u00f3w. w 2022roku na Gminnych Zawodach Sportowo-Po\u017carniczych Nasze dru\u017cyny zaj\u0119\u0142y: Spotykamy si\u0119 na regularnych zbi\u00f3rkach, w czasie kt\u00f3rych m\u0142odzie\u017c poznaje zagadnienia zwi\u0105zane z pierwsz\u0105 pomoc\u0105, uczy si\u0119 element\u00f3w wspinaczki wysoko\u015bciowej, itp.<\/p>\n","protected":false},"author":2,"featured_media":0,"parent":0,"menu_order":0,"comment_status":"closed","ping_status":"closed","template":"","meta":{"neve_meta_sidebar":"","neve_meta_container":"","neve_meta_enable_content_width":"","neve_meta_content_width":0,"neve_meta_title_alignment":"","neve_meta_author_avatar":"","neve_post_elements_order":"","neve_meta_disable_header":"","neve_meta_disable_footer":"","neve_meta_disable_title":"","footnotes":""},"class_list":["post-51","page","type-page","status-publish","hentry"],"_links":{"self":[{"href":"https:\/\/ospkrzyckowielkie.pl\/index.php?rest_route=\/wp\/v2\/pages\/51","targetHints":{"allow":["GET"]}}],"collection":[{"href":"https:\/\/ospkrzyckowielkie.pl\/index.php?rest_route=\/wp\/v2\/pages"}],"about":[{"href":"https:\/\/ospkrzyckowielkie.pl\/index.php?rest_route=\/wp\/v2\/types\/page"}],"author":[{"embeddable":true,"href":"https:\/\/ospkrzyckowielkie.pl\/index.php?rest_route=\/wp\/v2\/users\/2"}],"replies":[{"embeddable":true,"href":"https:\/\/ospkrzyckowielkie.pl\/index.php?rest_route=%2Fwp%2Fv2%2Fcomments&post=51"}],"version-history":[{"count":2,"href":"https:\/\/ospkrzyckowielkie.pl\/index.php?rest_route=\/wp\/v2\/pages\/51\/revisions"}],"predecessor-version":[{"id":429,"href":"https:\/\/ospkrzyckowielkie.pl\/index.php?rest_route=\/wp\/v2\/pages\/51\/revisions\/429"}],"wp:attachment":[{"href":"https:\/\/ospkrzyckowielkie.pl\/index.php?rest_route=%2Fwp%2Fv2%2Fmedia&parent=51"}],"curies":[{"name":"wp","href":"https:\/\/api.w.org\/{rel}","templated":true}]}}