{"id":46,"date":"2023-03-12T16:26:35","date_gmt":"2023-03-12T16:26:35","guid":{"rendered":"https:\/\/ospkrzyckowielkie.pl\/?page_id=46"},"modified":"2023-03-12T16:26:36","modified_gmt":"2023-03-12T16:26:36","slug":"akademia-mlodego-strazaka","status":"publish","type":"page","link":"https:\/\/ospkrzyckowielkie.pl\/?page_id=46","title":{"rendered":"Akademia M\u0142odego Stra\u017caka"},"content":{"rendered":"<div class=\"wp-block-image\">\n<figure class=\"aligncenter size-large is-resized\"><img data-opt-id=981944272  fetchpriority=\"high\" decoding=\"async\" src=\"https:\/\/ml2ncslymu9y.i.optimole.com\/w:1024\/h:329\/q:mauto\/f:best\/https:\/\/ospkrzyckowielkie.pl\/wp-content\/uploads\/2023\/03\/AkademiaMlodegoStrazaka_logo.png\" alt=\"\" class=\"wp-image-41\" width=\"559\" height=\"180\" srcset=\"https:\/\/ml2ncslymu9y.i.optimole.com\/w:1024\/h:329\/q:mauto\/f:best\/https:\/\/ospkrzyckowielkie.pl\/wp-content\/uploads\/2023\/03\/AkademiaMlodegoStrazaka_logo.png 1024w, https:\/\/ml2ncslymu9y.i.optimole.com\/w:300\/h:96\/q:mauto\/f:best\/https:\/\/ospkrzyckowielkie.pl\/wp-content\/uploads\/2023\/03\/AkademiaMlodegoStrazaka_logo.png 300w, https:\/\/ml2ncslymu9y.i.optimole.com\/w:768\/h:247\/q:mauto\/f:best\/https:\/\/ospkrzyckowielkie.pl\/wp-content\/uploads\/2023\/03\/AkademiaMlodegoStrazaka_logo.png 768w, https:\/\/ml2ncslymu9y.i.optimole.com\/w:1093\/h:351\/q:mauto\/f:best\/https:\/\/ospkrzyckowielkie.pl\/wp-content\/uploads\/2023\/03\/AkademiaMlodegoStrazaka_logo.png 1093w\" sizes=\"(max-width: 559px) 100vw, 559px\" \/><\/figure>\n<\/div>\n\n\n<p>Akademia M\u0142odego Stra\u017caka jest projektem prowadzonym przez Ochotnicz\u0105 Stra\u017c Po\u017carn\u0105 w Krzycku Wielkim we wsp\u00f3\u0142pracy z Przedszkolem nr 2 we W\u0142oszakowicach oddzia\u0142 Krzycko Wielkie.<\/p>\n\n\n\n<p>Do zaj\u0119\u0107 zapraszane s\u0105 dzieci w wieku przedszkolnym, kt\u00f3re obok zaj\u0119\u0107 ruchowych, spotka\u0144 z r\u00f3wie\u015bnikami poznaj\u0105 zaw\u00f3d stra\u017caka oraz zapoznaj\u0105 si\u0119 ze sprz\u0119tem wykorzystywanym przez stra\u017c po\u017carn\u0105.<\/p>\n\n\n\n<p>Dzieci poznaj\u0105 ponadto zasady bezpiecznej zabawy, pierwszej pomocy, ucz\u0105 si\u0119 empatii, oraz pomocy innym.<\/p>\n","protected":false},"excerpt":{"rendered":"<p>Akademia M\u0142odego Stra\u017caka jest projektem prowadzonym przez Ochotnicz\u0105 Stra\u017c Po\u017carn\u0105 w Krzycku Wielkim we wsp\u00f3\u0142pracy z Przedszkolem nr 2 we W\u0142oszakowicach oddzia\u0142 Krzycko Wielkie. Do zaj\u0119\u0107 zapraszane s\u0105 dzieci w wieku przedszkolnym, kt\u00f3re obok zaj\u0119\u0107 ruchowych, spotka\u0144 z r\u00f3wie\u015bnikami poznaj\u0105 zaw\u00f3d stra\u017caka oraz zapoznaj\u0105 si\u0119 ze sprz\u0119tem wykorzystywanym przez stra\u017c po\u017carn\u0105. Dzieci poznaj\u0105 ponadto zasady&hellip;&nbsp;<a href=\"https:\/\/ospkrzyckowielkie.pl\/?page_id=46\" class=\"\" rel=\"bookmark\">Czytaj dalej &raquo;<span class=\"screen-reader-text\">Akademia M\u0142odego Stra\u017caka<\/span><\/a><\/p>\n","protected":false},"author":2,"featured_media":0,"parent":0,"menu_order":0,"comment_status":"closed","ping_status":"closed","template":"","meta":{"neve_meta_sidebar":"","neve_meta_container":"","neve_meta_enable_content_width":"","neve_meta_content_width":0,"neve_meta_title_alignment":"","neve_meta_author_avatar":"","neve_post_elements_order":"","neve_meta_disable_header":"","neve_meta_disable_footer":"","neve_meta_disable_title":"","footnotes":""},"class_list":["post-46","page","type-page","status-publish","hentry"],"_links":{"self":[{"href":"https:\/\/ospkrzyckowielkie.pl\/index.php?rest_route=\/wp\/v2\/pages\/46","targetHints":{"allow":["GET"]}}],"collection":[{"href":"https:\/\/ospkrzyckowielkie.pl\/index.php?rest_route=\/wp\/v2\/pages"}],"about":[{"href":"https:\/\/ospkrzyckowielkie.pl\/index.php?rest_route=\/wp\/v2\/types\/page"}],"author":[{"embeddable":true,"href":"https:\/\/ospkrzyckowielkie.pl\/index.php?rest_route=\/wp\/v2\/users\/2"}],"replies":[{"embeddable":true,"href":"https:\/\/ospkrzyckowielkie.pl\/index.php?rest_route=%2Fwp%2Fv2%2Fcomments&post=46"}],"version-history":[{"count":1,"href":"https:\/\/ospkrzyckowielkie.pl\/index.php?rest_route=\/wp\/v2\/pages\/46\/revisions"}],"predecessor-version":[{"id":47,"href":"https:\/\/ospkrzyckowielkie.pl\/index.php?rest_route=\/wp\/v2\/pages\/46\/revisions\/47"}],"wp:attachment":[{"href":"https:\/\/ospkrzyckowielkie.pl\/index.php?rest_route=%2Fwp%2Fv2%2Fmedia&parent=46"}],"curies":[{"name":"wp","href":"https:\/\/api.w.org\/{rel}","templated":true}]}}