{"id":3,"date":"2023-03-12T15:34:59","date_gmt":"2023-03-12T15:34:59","guid":{"rendered":"https:\/\/ospkrzyckowielkie.pl\/?page_id=3"},"modified":"2023-03-16T17:03:36","modified_gmt":"2023-03-16T17:03:36","slug":"privacy-policy","status":"publish","type":"page","link":"https:\/\/ospkrzyckowielkie.pl\/?page_id=3","title":{"rendered":"Polityka Prywatno\u015bci"},"content":{"rendered":"\n<p><strong>\u00a7\u00a01<\/strong> <strong>DEFINICJE<\/strong><\/p>\n\n\n\n<p>Administrator Danych Osobowych zwraca uwag\u0119, i\u017c wszelkie wyra\u017cenia lub zwroty pisane w niniejszej polityce prywatno\u015bci (dalej jako \u201ePolityka Prywatno\u015bci\u201d) wielk\u0105 liter\u0105, a nie zdefiniowane w Polityce Prywatno\u015bci, maj\u0105 znaczenie przypisywane im w bran\u017cy prawniczej, teleinformatycznej lub handlowej.<\/p>\n\n\n\n<p>Administratorem Danych Osobowych (zamiennie r\u00f3wnie\u017c jako: \u201eAdministrator\u201d) jest stowarzyszenie dzia\u0142aj\u0105ce pod nazw\u0105 OCHOTNICZA STRA\u017b PO\u017bARNA w Krzycku Wielkim maj\u0105c\u0105 siedzib\u0119 w Krzycku Wielkim, ul. Szkolna 10, 64-117 Krzycko Ma\u0142e, wpisane do rejestru stowarzysze\u0144 Krajowego Rejestru S\u0105dowego pod nr KRS 0000275931, kt\u00f3rej dokumentacja przechowywana jest przez S\u0105d Rejonowy Pozna\u0144 \u2013 Nowe Miasto i Wilda w Poznaniu, posiadaj\u0105ca NIP: 6972072444, Regon: 411177631 (adres e-mail: kontakt@ospkrzyckowielkie.pl), przetwarzaj\u0105ca dane osobowe u\u017cytkownik\u00f3w serwisu internetowego dzia\u0142aj\u0105cego pod adresem ospkrzyckowielkie.pl (dalej jako: \u201eSerwis\u201d).<\/p>\n\n\n\n<p>Dane osobowe \u2013 to wszelkie informacje dotycz\u0105ce zidentyfikowanej lub mo\u017cliwej do zidentyfikowania osoby fizycznej, przy czym przez mo\u017cliw\u0105 do zidentyfikowania osob\u0119 fizyczn\u0105 nale\u017cy rozumie\u0107 osob\u0119 fizyczn\u0105, kt\u00f3r\u0105 mo\u017cna bezpo\u015brednio lub po\u015brednio zidentyfikowa\u0107, w szczeg\u00f3lno\u015bci na podstawie identyfikatora takiego jak imi\u0119 i nazwisko, numer identyfikacyjny, dane o lokalizacji, identyfikator internetowy, adres poczty elektronicznej (dalej jako: \u201eDane Osobowe\u201d).<\/p>\n\n\n\n<p><strong>\u00a7 2<\/strong> <strong>CELE POLITYKI PRYWATNO\u015aCI<\/strong><\/p>\n\n\n\n<p>Administrator Danych Osobowych przyk\u0142ada wielk\u0105 wag\u0119 do respektowania praw przys\u0142uguj\u0105cych u\u017cytkownikom korzystaj\u0105cym z us\u0142ug i funkcjonalno\u015bci oferowanych w ramach Serwisu jaki u\u017cytkownikom korzystaj\u0105cym z Serwisu bez korzystania z us\u0142ug i funkcjonalno\u015bci oferowanych w ramach Serwisu (dalej jako: \u201eU\u017cytkownicy\u201d lub w liczbie pojedynczej \u201eU\u017cytkownik\u201d), ze szczeg\u00f3lnym uwzgl\u0119dnieniem prawa do ochrony prywatno\u015bci. W zwi\u0105zku z tym gromadzimy jedynie minimum informacji pomagaj\u0105cych nam lepiej zrozumie\u0107 potrzeby U\u017cytkownik\u00f3w oraz dostosowa\u0107 Serwis, jego funkcjonalno\u015bci i ergonomi\u0119 do zmieniaj\u0105cych si\u0119 oczekiwa\u0144 U\u017cytkownik\u00f3w.&nbsp; Mi\u0119dzy innymi w tym celu zbieramy i przetwarzamy niezb\u0119dne dane U\u017cytkownik\u00f3w, w tym Dane Osobowe oraz inne, nie posiadaj\u0105ce takiego przymiotu. Zbieranie odbywa si\u0119, w zale\u017cno\u015bci od rodzaju danych, z inicjatywy U\u017cytkownika lub automatycznie.<\/p>\n\n\n\n<p><strong>\u00a7 3<\/strong> <strong>PRZETWARZANIE DANYCH<\/strong><\/p>\n\n\n\n<p>Administrator przetwarza Dane Osobowe zgodnie z przepisami Rozporz\u0105dzania Parlamentu Europejskiego i Rady (UE) 2016\/679 z dnia 27 kwietnia 2016 r. w sprawie ochrony os\u00f3b fizycznych w zwi\u0105zku z przetwarzaniem danych osobowych i w sprawie swobodnego przep\u0142ywu takich danych oraz uchylenia dyrektywy 95\/46\/WE (dalej jako: \u201eRozporz\u0105dzenie RODO\u201d), a tak\u017ce innymi w\u0142a\u015bciwymi przepisami obowi\u0105zuj\u0105cego prawa, w tym w szczeg\u00f3lno\u015bci krajowymi przepisami dotycz\u0105cymi ochrony danych osobowych. Administrator dla skutecznej ochrony Danych stosuje odpowiednie do zagro\u017ce\u0144 i kategorii Danych \u015brodki bezpiecze\u0144stwa przetwarzania Danych, spe\u0142niaj\u0105ce wymogi okre\u015blone w obowi\u0105zuj\u0105cych przepisach prawa.<\/p>\n\n\n\n<p>Ka\u017cdy U\u017cytkownik powierza Administratorowi swoje Dane, w zakresie okre\u015blonym poni\u017cej. Je\u017celi U\u017cytkownik nie zgadza si\u0119 z wyartyku\u0142owanymi w Polityce Prywatno\u015bci zasadami, nie powinien odwiedza\u0107 Serwisu, ani korzysta\u0107 z us\u0142ug oraz funkcjonalno\u015bci oferowanych za po\u015brednictwem Serwisu.<\/p>\n\n\n\n<p><strong>Zakres przetwarzanych przez Administratora Danych<\/strong><\/p>\n\n\n\n<p>Zakres Danych zbieranych przez Administratora jest uzale\u017cniony od tego, jakie Dane U\u017cytkownik podaje lub pozostawia korzystaj\u0105c z Serwisu, lub w procesie kontaktu z Administratorem, tj. w szczeg\u00f3lno\u015bci:<\/p>\n\n\n\n<p>Dane podane przez U\u017cytkownika w zwi\u0105zku z korzystaniem z funkcjonalno\u015bci Serwisu (np. imi\u0119 i nazwisko, adres poczty elektronicznej) \u2013 dodatkowych informacji o zakresie Danych podawanych przez U\u017cytkownika w zwi\u0105zku z korzystaniem z us\u0142ug lub funkcjonalno\u015bci Serwisu udziela Administrator lub Inspektor Ochrony Danych;<\/p>\n\n\n\n<p><strong>Dane pozostawiane przez U\u017cytkownika w zwi\u0105zku z korzystaniem ze Serwisu (np. Dane pozostawiane w tzw. plikach cookies).<\/strong><\/p>\n\n\n\n<p>W ka\u017cdym przypadku podanie Danych przez U\u017cytkownika jest dobrowolne, przy czym brak podania danych przez U\u017cytkownika mo\u017ce utrudni\u0107 lub uniemo\u017cliwi\u0107 (w przypadku nie podania Danych oznaczonych jako niezb\u0119dne) korzystanie z okre\u015blonej us\u0142ugi lub funkcjonalno\u015bci Serwisu.<\/p>\n\n\n\n<p>Podczas korzystania z Serwisu, w posiadanie informacji cz\u0119\u015bciowo wysy\u0142anych automatycznie przez przegl\u0105darki internetowe, z kt\u00f3rych korzystaj\u0105 U\u017cytkownicy, wchodzi\u0107 mog\u0105 r\u00f3wnie\u017c inne podmioty, b\u0119d\u0105ce dostawcami serwis\u00f3w, kt\u00f3rych wtyczki umieszczono w Serwisie, w tym: youtube.com, instagram.com, facebook.com, pinterest.com (Administrator mo\u017ce posiada\u0107 na nich swoje profile). Informacje te mog\u0105 zawiera\u0107 Dane takie jak: adres IP urz\u0105dzenia, jego rodzaj, unikalny identyfikator, nazw\u0119 systemu operacyjnego, ustawienia przegl\u0105darki, dat\u0119 i godzin\u0119 przesy\u0142anych zapyta\u0144 oraz prezentowa\u0107 aktywno\u015bci U\u017cytkownika w serwisach internetowych. To, kt\u00f3re konkretnie informacje s\u0105 pozyskiwane, zale\u017cy od rodzaju urz\u0105dzenia i ustawie\u0144 oprogramowania, kt\u00f3rych U\u017cytkownik u\u017cywa. Ka\u017cdy z dostawc\u00f3w okre\u015bla zasady i cele pozyskiwanych informacji na w\u0142asnych stronach internetowych. W urz\u0105dzeniach, z kt\u00f3rych korzystaj\u0105 U\u017cytkownicy zapisywane mog\u0105 by\u0107 r\u00f3wnie\u017c pliki cookies innych podmiot\u00f3w, b\u0119d\u0105cych dostawcami serwis\u00f3w, kt\u00f3rych wtyczki umieszczono w Serwisie, w tym: youtube.com, instagram.com, facebook.com, pinterest.com. (Administrator mo\u017ce posiada\u0107 na nich profile). Umo\u017cliwia to U\u017cytkownikom korzystanie ze zintegrowanych funkcjonalno\u015bci, w tym mo\u017cliwo\u015bci bezpo\u015bredniego przej\u015bcia przez U\u017cytkownika do jednego z nich na konto profilowe danego U\u017cytkownika, aby przegl\u0105da\u0107 tre\u015bci prezentowane na koncie Administratora. Ka\u017cdy z dostawc\u00f3w okre\u015bla zasady wykorzystywania przez siebie plik\u00f3w cookies na w\u0142asnych stronach internetowych.<\/p>\n\n\n\n<p>Dane nie b\u0119d\u0105 podlega\u0142y profilowaniu ani zautomatyzowanemu podejmowaniu decyzji.<\/p>\n\n\n\n<p>Osoba kontaktowa:&nbsp;<strong>Inspektorem Ochrony Danych jest: Zarz\u0105d OSP Krzycko Wielkie, adres email: kontakt@ospkrzyckowielkie.pl.<\/strong><\/p>\n\n\n\n<p><strong>Cele przetwarzania Danych<\/strong><\/p>\n\n\n\n<p>Dane U\u017cytkownik\u00f3w b\u0119d\u0105 przetwarzane w nast\u0119puj\u0105cych celach:<\/p>\n\n\n\n<ul class=\"wp-block-list\">\n<li>umo\u017cliwienie U\u017cytkownikom korzystania z us\u0142ug oraz funkcjonalno\u015bci Serwisu (art. 6 ust. 1 lit. a) Rozporz\u0105dzenia RODO \u2013 dobrowolna zgoda i art. 6 ust. 1 lit. b) Rozporz\u0105dzenia RODO \u2013 w zakresie Danych niezb\u0119dnych do \u015bwiadczenia us\u0142ug\/wykonania umowy);<\/li>\n\n\n\n<li>odpowiadanie przez Administratora na zapytania, wezwania b\u0105d\u017a wnioski U\u017cytkownik\u00f3w (art. 6 ust. 1 lit. a) Rozporz\u0105dzenia RODO \u2013 dobrowolna zgoda i art. 6 ust. 1 lit. b) Rozporz\u0105dzenia RODO \u2013 w zakresie Danych niezb\u0119dnych do \u015bwiadczenia us\u0142ug\/wykonania umowy),<\/li>\n\n\n\n<li>wype\u0142nianie prawnie usprawiedliwionych cel\u00f3w Administratora w postaci marketingu produkt\u00f3w i us\u0142ug Administratora oraz dochodzenia ochrony praw autorskich i innych roszcze\u0144 (art. 6 ust. 1 lit. f) Rozporz\u0105dzenia RODO \u2013 uzasadniony interes Administratora).<\/li>\n<\/ul>\n\n\n\n<p><strong>Okres przetwarzania Danych<\/strong><\/p>\n\n\n\n<p>Administrator b\u0119dzie przetwarza\u0142 Dane wy\u0142\u0105cznie przez okres nie d\u0142u\u017cszy, ni\u017c jest to niezb\u0119dne do realizacji cel\u00f3w, w kt\u00f3rych Dane te s\u0105 przetwarzane lub do czasu wycofania zgody przez U\u017cytkownika (w przypadkach przetwarzania Danych na podstawie zgody U\u017cytkownika \u2013 art. 6 ust. 1 lit. a) Rozporz\u0105dzenia RODO), chyba \u017ce obowi\u0105zuj\u0105ce przepisy prawa dopuszczaj\u0105 lub wymagaj\u0105 dalszego przetwarzania Danych np. przetwarzanie Danych w celach statystycznych lub w celu dochodzenia roszcze\u0144.<\/p>\n\n\n\n<p><strong>Odbiorcy Danych<\/strong><\/p>\n\n\n\n<p><strong>Dane Osobowe U\u017cytkownik\u00f3w mog\u0105 by\u0107 przekazywane:<\/strong><\/p>\n\n\n\n<ul class=\"wp-block-list\">\n<li>podmiotom przetwarzaj\u0105cym dane osobowe na zlecenie administratora m.in. dostawcom us\u0142ug IT, agencjom marketingowym, dostawcom us\u0142ug ksi\u0119gowych i in.,<\/li>\n\n\n\n<li>podmiotom uprawnionym do uzyskania Danych Osobowych U\u017cytkownik\u00f3w na podstawie obowi\u0105zuj\u0105cych przepis\u00f3w prawa,<\/li>\n\n\n\n<li>wyj\u0105tkowo \u2013 odbiorcom z pa\u0144stw trzecich tj. spoza Europejskiego Obszaru Gospodarczego, je\u017celi b\u0119dzie to niezb\u0119dne do \u015bwiadczenia us\u0142ug na rzecz U\u017cytkownika lub je\u017celi b\u0119dzie to uwarunkowane inn\u0105 podstaw\u0105 w obowi\u0105zuj\u0105cych przepisach prawa.<\/li>\n<\/ul>\n\n\n\n<p>W przypadku, o kt\u00f3rym mowa w pkt 1) powy\u017cej podmioty przetwarzaj\u0105ce b\u0119d\u0105 przetwarza\u0142y Dane Osobowe U\u017cytkownik\u00f3w na podstawie umowy zawartej z Administratorem, w kt\u00f3rej okre\u015blone zostan\u0105 warunki i zasady przetwarzania Danych Osobowych spe\u0142niaj\u0105ce wymagania okre\u015blone przez obowi\u0105zuj\u0105ce przepisy prawa.<\/p>\n\n\n\n<p>W przypadku, o kt\u00f3rym mowa w pkt 2) powy\u017cej Administrator przeka\u017ce Dane Osobowe U\u017cytkownik\u00f3w wy\u0142\u0105cznie w przypadku rzeczywistego istnienia podstawy prawnej dla takiego udost\u0119pnienia.<\/p>\n\n\n\n<p>W przypadku, o kt\u00f3rym mowa w pkt 3) powy\u017cej, U\u017cytkownik zostanie poinformowany o mo\u017cliwo\u015bci przekazania Danych Osobowych odbiorcom z pa\u0144stw trzecich.<\/p>\n\n\n\n<p><strong>Prawa U\u017cytkownika<\/strong><\/p>\n\n\n\n<p>Ka\u017cdemu U\u017cytkownikowi w zwi\u0105zku z przetwarzaniem jego Danych Osobowych przys\u0142uguj\u0105 nast\u0119puj\u0105ce prawa:<\/p>\n\n\n\n<ul class=\"wp-block-list\">\n<li>prawo do dost\u0119pu do Danych oraz uzyskania kopii Danych;<\/li>\n\n\n\n<li>prawo do \u017c\u0105dania sprostowania Danych;<\/li>\n\n\n\n<li>prawo do usuni\u0119cia Danych, przy czym warunkiem skorzystania z tego prawa jest zaistnienie jednej z nast\u0119puj\u0105cych przes\u0142anek:<\/li>\n<\/ul>\n\n\n\n<p><strong>Dane nie s\u0105 ju\u017c niezb\u0119dne do cel\u00f3w, w kt\u00f3rych zosta\u0142y zebrane lub w inny spos\u00f3b przetwarzane;<\/strong><\/p>\n\n\n\n<ul class=\"wp-block-list\">\n<li>osoba, kt\u00f3rej Dane dotycz\u0105, cofn\u0119\u0142a zgod\u0119, na kt\u00f3rej opiera si\u0119 przetwarzanie zgodnie z art. 6 ust. 1 lit. a) lub art. 9 ust. 2 lit. a) Rozporz\u0105dzenia RODO, i nie ma innej podstawy prawnej przetwarzania;<\/li>\n\n\n\n<li>osoba, kt\u00f3rej Dane dotycz\u0105, wnosi sprzeciw na mocy art. 21 ust. 1 Rozporz\u0105dzenia RODO wobec przetwarzania i nie wyst\u0119puj\u0105 nadrz\u0119dne prawnie uzasadnione podstawy przetwarzania lub osoba, kt\u00f3rej Dane dotycz\u0105, wnosi sprzeciw na mocy art. 21 ust. 2 Rozporz\u0105dzenia RODO wobec przetwarzania;<\/li>\n\n\n\n<li>&nbsp;<\/li>\n<\/ul>\n\n\n\n<p><strong>Dane by\u0142y przetwarzane niezgodnie z prawem;<\/strong><\/p>\n\n\n\n<p>Dane musz\u0105 zosta\u0107 usuni\u0119te w celu wywi\u0105zania si\u0119 z obowi\u0105zku prawnego przewidzianego w prawie Unii lub prawie pa\u0144stwa cz\u0142onkowskiego, kt\u00f3remu podlega Administrator;<\/p>\n\n\n\n<p><strong>Dane zosta\u0142y zebrane w zwi\u0105zku z oferowaniem us\u0142ug spo\u0142ecze\u0144stwa informacyjnego, o kt\u00f3rych mowa w art. 8 ust. 1 Rozporz\u0105dzenia RODO;<\/strong><\/p>\n\n\n\n<ul class=\"wp-block-list\">\n<li>prawo do wniesienia skargi do organu nadzorczego zajmuj\u0105cego si\u0119 ochron\u0105 danych osobowych tj. Prezesa Urz\u0119du Ochrony Danych Osobowych;<\/li>\n\n\n\n<li>prawo do ograniczenia przetwarzania Danych;<\/li>\n\n\n\n<li>prawo do wycofania zgody na przetwarzanie Danych (w przypadku gdy i w zakresie w jakim Dane s\u0105 przetwarzane na podstawie zgody) \u2013 wycofanie zgody pozostaje bez wp\u0142ywu na zgodno\u015b\u0107 z prawem przetwarzania, kt\u00f3rego dokonano na podstawie zgody przez jej wycofaniem);<\/li>\n\n\n\n<li>prawo do przenoszenia Danych (w przypadku gdy i w zakresie w jakim Dane s\u0105 przetwarzane na podstawie zgody lub s\u0105 niezb\u0119dne w celu \u015bwiadczenia us\u0142ugi),<\/li>\n\n\n\n<li>prawo do wniesienia sprzeciwu co do przetwarzania Danych.<\/li>\n<\/ul>\n\n\n\n<p>W przypadku korzystania z prawa, o kt\u00f3rym mowa w pkt 6) powy\u017cej, wycofanie zgody nast\u0119puje poprzez pisemne lub elektroniczne powiadomienie Administratora na adres podany w \u00a7 1 lub Inspektora Ochrony Danych na adres podany w niniejszym paragrafie powy\u017cej.<\/p>\n\n\n\n<p>W sprawach zwi\u0105zanych z korzystaniem z wy\u017cej wymienionych praw mo\u017cna kontaktowa\u0107 si\u0119 z Administratorem lub Inspektorem Ochrony Danych.<\/p>\n\n\n\n<p><strong>\u00a7 4<\/strong> <strong>POLITYKA COOKIES<\/strong><\/p>\n\n\n\n<p>Serwis u\u017cywa pik\u00f3w cookies wy\u0142\u0105cznie dla zapewnienia poprawnego i wygodnego dla U\u017cytkownik\u00f3w dzia\u0142ania Serwisu oraz do cel\u00f3w statystycznych. Administrator umo\u017cliwia korzystanie z plik\u00f3w cookies podmiotom trzecim (m.in. Google AdWords, Google Analytics) w celach statystycznych oraz reklamowych.<\/p>\n\n\n\n<p>Korzystaj\u0105c z naszej strony akceptujesz zasady, wyra\u017cone w Polityce dotycz\u0105cej cookies. U\u017cytkownik samodzielnie decyduje, czy chce, aby pliki cookies by\u0142y zapisywane na jego komputerze. Mo\u017ce dezaktywowa\u0107 lub ca\u0142kowicie wy\u0142\u0105czy\u0107 pliki cookies w opcjach swojej przegl\u0105darki internetowej lub wybieraj\u0105c odpowiedni\u0105 opcj\u0119 w programach typu Firewall. Mo\u017ce r\u00f3wnie\u017c usun\u0105\u0107 zapisane do tej pory pliki cookies.<\/p>\n\n\n\n<p>Wy\u0142\u0105czenie stosowania cookies mo\u017ce spowodowa\u0107 utrudnienia dotycz\u0105ce korzystania z niekt\u00f3rych us\u0142ug oraz funkcjonalno\u015bci Serwisu. Je\u017celi nie zgadzasz si\u0119 na u\u017cywanie przez nas plik\u00f3w cookies, powiniene\u015b zmieni\u0107 ustawienia swojej przegl\u0105darki w odpowiedni spos\u00f3b lub zrezygnowa\u0107 z u\u017cywania Serwisu.<\/p>\n\n\n\n<p><strong>Co to s\u0105 pliki cookies?<\/strong><\/p>\n\n\n\n<p>Pliki cookies to niewielkie pliki tekstowe, zapisywane i przechowywane na komputerze, tablecie lub smartphonie U\u017cytkownika, podczas gdy odwiedza on r\u00f3\u017cne strony w Internecie. Plik cookie zawiera bezimienne dane dotycz\u0105ce jedynie sposobu i formy korzystania z Serwisu, np. nazw\u0119 strony internetowej, z kt\u00f3rej pochodzi, czas istnienia pliku cookie, przypadkowo wygenerowany unikalny numer s\u0142u\u017c\u0105cy do identyfikacji przegl\u0105darki, z jakiej nast\u0119puje po\u0142\u0105czenie z Serwisem.<\/p>\n\n\n\n<p><strong>Do czego wykorzystywane si\u0119 pliki cookies ?<\/strong><\/p>\n\n\n\n<p>Do dostosowania zawarto\u015bci stron internetowych do preferencji U\u017cytkownika oraz optymalizacji korzystania ze stron internetowych; w szczeg\u00f3lno\u015bci pliki te pozwalaj\u0105 rozpozna\u0107 urz\u0105dzenie U\u017cytkownika Serwisu i odpowiednio wy\u015bwietli\u0107 stron\u0119 internetow\u0105, dostosowan\u0105 do jego indywidualnych potrzeb.<\/p>\n\n\n\n<p>Do tworzenia statystyk, kt\u00f3re pomagaj\u0105 zrozumie\u0107, w jaki spos\u00f3b U\u017cytkownicy Serwisu korzystaj\u0105 ze stron internetowych, co umo\u017cliwia ulepszanie ich struktury i zawarto\u015bci.<\/p>\n\n\n\n<p><strong>Jakie pliki cookie wykorzystuje Serwis?<\/strong><\/p>\n\n\n\n<p><strong>W Serwisie stosowane s\u0105 nast\u0119puj\u0105ce rodzaje plik\u00f3w cookie:<\/strong><\/p>\n\n\n\n<ul class=\"wp-block-list\">\n<li>sesyjne \u2013 to pliki tymczasowe, kt\u00f3re przechowywane s\u0105 w urz\u0105dzeniu U\u017cytkownika do czasu wylogowania, opuszczenia Serwisu czy wy\u0142\u0105czenia przegl\u0105darki internetowej,<\/li>\n\n\n\n<li>sta\u0142e \u2013 to pliki przechowywane w urz\u0105dzeniu U\u017cytkownika przez czas okre\u015blony w nim (czas \u017cycia cookie) lub do momentu usuni\u0119cia go przez U\u017cytkownika,<\/li>\n\n\n\n<li>wydajno\u015bciowe \u2013 s\u0142u\u017c\u0105ce do zbierania informacji o sposobie korzystania z Serwisu, by lepiej dzia\u0142a\u0142,<\/li>\n\n\n\n<li>funkcjonalne \u2013 pozwalaj\u0105ce \u201epami\u0119ta\u0107\u201d o ustawieniach U\u017cytkownika (np. j\u0119zyk, rozmiar czcionki),<\/li>\n\n\n\n<li>niezb\u0119dne pliki cookies \u2013 umo\u017cliwiaj\u0105ce korzystanie z us\u0142ug dost\u0119pnych w ramach Serwisu, np. uwierzytelniaj\u0105ce pliki cookies wykorzystywane do us\u0142ug wymagaj\u0105cych uwierzytelniania w ramach Serwisu,<\/li>\n\n\n\n<li>pliki cookies s\u0142u\u017c\u0105ce do zapewnienia bezpiecze\u0144stwa, np. wykorzystywane do wykrywania nadu\u017cy\u0107 w zakresie uwierzytelniania w ramach Serwisu.<\/li>\n<\/ul>\n\n\n\n<p>Aby nie otrzymywa\u0107 plik\u00f3w cookies nale\u017cy skorzysta\u0107 z opcji przegl\u0105darki internetowej wykorzystywanej do po\u0142\u0105czenia z Serwisem i wybra\u0107 opcj\u0119 automatycznego odrzucania plik\u00f3w cookies. Ustawienia te zazwyczaj pozwalaj\u0105 te\u017c zarz\u0105dza\u0107 plikami cookies w pozosta\u0142ym zakresie. Wi\u0119cej informacji odno\u015bnie zarz\u0105dzania plikami cookies znajduje si\u0119 na:<\/p>\n\n\n\n<p>Microsoft Explorer:&nbsp;<a href=\"http:\/\/support.microsoft.com\/kb\/278835\/pl\">http:\/\/support.microsoft.com\/kb\/278835\/pl<\/a><\/p>\n\n\n\n<p>Mozilla Firefox:&nbsp;<a href=\"http:\/\/support.mozilla.org\/pl\/kb\/usuwanie-ciasteczek\">http:\/\/support.mozilla.org\/pl\/kb\/usuwanie-ciasteczek<\/a><\/p>\n\n\n\n<p>Google Chrome:&nbsp;<a href=\"http:\/\/support.google.com\/chrome\/bin\/answer.py?hl=pl&amp;answer=95582\">http:\/\/support.google.com\/chrome\/bin\/answer.py?hl=pl&amp;answer=95582<\/a><\/p>\n\n\n\n<p>Opera:&nbsp;<a href=\"http:\/\/www.opera.com\/browser\/tutorials\/security\/privacy\/\">http:\/\/www.opera.com\/browser\/tutorials\/security\/privacy\/<\/a><\/p>\n\n\n\n<p>Apple Safari:&nbsp;<a href=\"http:\/\/www.apple.com\/support\/safari\/\">http:\/\/www.apple.com\/support\/safari\/<\/a><\/p>\n\n\n\n<p><strong>\u00a7 5<\/strong> <strong>WY\u0141\u0104CZENIA<\/strong><\/p>\n\n\n\n<p>Niniejsza Polityka Prywatno\u015bci nie dotyczy stron internetowych podmiot\u00f3w, kt\u00f3rych dane kontaktowe lub linki mog\u0105 widnie\u0107 na naszych stronach. Podajemy linki do innych stron wy\u0142\u0105cznie dla wygody i informacji U\u017cytkownika. Inne strony mog\u0105 mie\u0107 swoje w\u0142asne zasady ochrony Danych. Administrator nie bierze odpowiedzialno\u015bci za informacje, dostarczone przez te strony, albo gromadzone za ich po\u015brednictwem, ani za jakiekolwiek inne dzia\u0142ania tych stron.<\/p>\n\n\n\n<p><strong>\u00a7 6<\/strong> <strong>POSTANOWIENIA KO\u0143COWE<\/strong><\/p>\n\n\n\n<p>W zakresie nieuregulowanym postanowieniami Polityki Prywatno\u015bci zastosowanie maj\u0105 w\u0142a\u015bciwe przepisy powszechnie obowi\u0105zuj\u0105cego prawa.<\/p>\n\n\n\n<p><\/p>\n","protected":false},"excerpt":{"rendered":"<p>\u00a7\u00a01 DEFINICJE Administrator Danych Osobowych zwraca uwag\u0119, i\u017c wszelkie wyra\u017cenia lub zwroty pisane w niniejszej polityce prywatno\u015bci (dalej jako \u201ePolityka Prywatno\u015bci\u201d) wielk\u0105 liter\u0105, a nie zdefiniowane w Polityce Prywatno\u015bci, maj\u0105 znaczenie przypisywane im w bran\u017cy prawniczej, teleinformatycznej lub handlowej. Administratorem Danych Osobowych (zamiennie r\u00f3wnie\u017c jako: \u201eAdministrator\u201d) jest stowarzyszenie dzia\u0142aj\u0105ce pod nazw\u0105 OCHOTNICZA STRA\u017b PO\u017bARNA w&hellip;&nbsp;<a href=\"https:\/\/ospkrzyckowielkie.pl\/?page_id=3\" class=\"\" rel=\"bookmark\">Czytaj dalej &raquo;<span class=\"screen-reader-text\">Polityka Prywatno\u015bci<\/span><\/a><\/p>\n","protected":false},"author":1,"featured_media":0,"parent":0,"menu_order":0,"comment_status":"closed","ping_status":"open","template":"","meta":{"neve_meta_sidebar":"","neve_meta_container":"","neve_meta_enable_content_width":"","neve_meta_content_width":0,"neve_meta_title_alignment":"","neve_meta_author_avatar":"","neve_post_elements_order":"","neve_meta_disable_header":"","neve_meta_disable_footer":"","neve_meta_disable_title":"","footnotes":""},"class_list":["post-3","page","type-page","status-publish","hentry"],"_links":{"self":[{"href":"https:\/\/ospkrzyckowielkie.pl\/index.php?rest_route=\/wp\/v2\/pages\/3","targetHints":{"allow":["GET"]}}],"collection":[{"href":"https:\/\/ospkrzyckowielkie.pl\/index.php?rest_route=\/wp\/v2\/pages"}],"about":[{"href":"https:\/\/ospkrzyckowielkie.pl\/index.php?rest_route=\/wp\/v2\/types\/page"}],"author":[{"embeddable":true,"href":"https:\/\/ospkrzyckowielkie.pl\/index.php?rest_route=\/wp\/v2\/users\/1"}],"replies":[{"embeddable":true,"href":"https:\/\/ospkrzyckowielkie.pl\/index.php?rest_route=%2Fwp%2Fv2%2Fcomments&post=3"}],"version-history":[{"count":2,"href":"https:\/\/ospkrzyckowielkie.pl\/index.php?rest_route=\/wp\/v2\/pages\/3\/revisions"}],"predecessor-version":[{"id":176,"href":"https:\/\/ospkrzyckowielkie.pl\/index.php?rest_route=\/wp\/v2\/pages\/3\/revisions\/176"}],"wp:attachment":[{"href":"https:\/\/ospkrzyckowielkie.pl\/index.php?rest_route=%2Fwp%2Fv2%2Fmedia&parent=3"}],"curies":[{"name":"wp","href":"https:\/\/api.w.org\/{rel}","templated":true}]}}